{"id":5795,"date":"2020-12-09T17:57:38","date_gmt":"2020-12-09T15:57:38","guid":{"rendered":"https:\/\/brufaganya.cat\/2020\/?page_id=5795"},"modified":"2026-01-07T14:56:20","modified_gmt":"2026-01-07T12:56:20","slug":"casa-vostra","status":"publish","type":"page","link":"https:\/\/brufaganya.cat\/2020\/casa-vostra\/","title":{"rendered":"SANT MAG\u00cd CASA VOSTRA"},"content":{"rendered":"<p>[vc_row][vc_column][vc_single_image image=&#8221;5796&#8243; img_size=&#8221;full&#8221; add_caption=&#8221;yes&#8221; alignment=&#8221;center&#8221; el_class=&#8221;hero-propi&#8221;][\/vc_column][\/vc_row][vc_row content_placement=&#8221;bottom&#8221; disable_element=&#8221;yes&#8221; css=&#8221;.vc_custom_1543407460785{margin-bottom: 0px !important;padding-bottom: 0px !important;}&#8221;][vc_column width=&#8221;1\/4&#8243;][\/vc_column][vc_column width=&#8221;1\/2&#8243;][\/vc_column][vc_column width=&#8221;1\/4&#8243;][\/vc_column][\/vc_row][vc_row][vc_column width=&#8221;1\/4&#8243;][vc_single_image image=&#8221;7169&#8243; img_size=&#8221;full&#8221; alignment=&#8221;center&#8221;]\t<div\n\t\t\t\t\tclass=\"bs-shortcode bs-text \">\n\t\t\t\t<div class=\"bs-text-content\">\n\t\t\t<\/p>\n<h3>Balan\u00e7 econ\u00f2mic de la campanya<\/h3>\n<p><a href=\"https:\/\/brufaganya.cat\/2020\/campanya-balanc\/\">Mireu l&#8217;\u00faltim estat de comptes<\/a><\/p>\n\t\t<\/div>\n\t<\/div><!-- .bs-text -->\n\t<div\n\t\t\t\t\tclass=\"bs-shortcode bs-text \">\n\t\t\t\t<div class=\"bs-text-content\">\n\t\t\t<\/p>\n<h3>Donatius rebuts<\/h3>\n<p>Data: 9 de desembre de 2024<\/p>\n<p>Import total: 11319,00\u20ac<\/p>\n<p>Nombre de donatius: 75<\/p>\n<p>Import mitj\u00e0 per donatiu: 150,91\u20ac<\/p>\n\t\t<\/div>\n\t<\/div><!-- .bs-text -->\n[\/vc_column][vc_column width=&#8221;1\/2&#8243;]<div id=\"ultimate-heading-84069eb581fb7c22\" class=\"uvc-heading ult-adjust-bottom-margin ultimate-heading-84069eb581fb7c22 uvc-5218 \" data-hspacer=\"no_spacer\"  data-halign=\"left\" style=\"text-align:left\"><div class=\"uvc-heading-spacer no_spacer\" style=\"top\"><\/div><div class=\"uvc-main-heading ult-responsive\"  data-ultimate-target='.uvc-heading.ultimate-heading-84069eb581fb7c22 h2'  data-responsive-json-new='{\"font-size\":\"\",\"line-height\":\"\"}' ><h2 style=\"font-weight:normal;\">Sant Mag\u00ed Casa Vostra<\/h2><\/div><\/div>[vc_empty_space height=&#8221;30px&#8221;][vc_single_image image=&#8221;5797&#8243; img_size=&#8221;full&#8221; add_caption=&#8221;yes&#8221; alignment=&#8221;center&#8221;][vc_column_text]<strong>Qu\u00e8 \u00e9s\u00a0 Sant Mag\u00ed Casa Vostra<\/strong><\/p>\n<p>\u00c9s el projecte per\u00a0 convertir l\u2019edifici annex al santuari de Sant Mag\u00ed anomenat \u201cCasa de l\u2019Ermit\u00e0\u201d en un lloc per donar aixopluc a entitats o grups que vulguin fer activitats l\u00fadiques, culturals, educatives o religioses a la Brufaganya.<\/p>\n<p>&nbsp;<\/p>\n<p><strong>Qu\u00e8 volem fer<\/strong><\/p>\n<p>Acabar la reconstrucci\u00f3 de l\u2019edifici comen\u00e7ada ja amb el treball de voluntaris i diners de l\u2019Arquebisbat i la Parr\u00f2quia, de la Diputaci\u00f3 i de l\u2019Associaci\u00f3 d\u2019Amics. I des de fa tres anys amb aportacions de particulars i empreses. \u00c9s la forma de multiplicar petites aportacions.<\/p>\n<p>La planta baixa ser\u00e0 per acollir associacions i grups, la planta primera per acollir l&#8217;ermit\u00e0 o ermitana que designi l&#8217;arquebisbat i la planta superior per a serveis administratius, biblioteca i sala d&#8217;estar de l&#8217;associaci\u00f3.<\/p>\n<p>&nbsp;<\/p>\n<p><strong>Evoluci\u00f3 de les obres<\/strong><\/p>\n<p>Al 2018, es va redactar un projecte b\u00e0sic de la recuperaci\u00f3 de l\u2019antiga casa del rector i en el mateix any es van iniciar feines de neteja i desenrunat.<\/p>\n<p>L\u2019any 2019 es va treballar en la planta baixa i l\u2019estructura del primer trebol i durant el 2020 es va treballar en el segon trebol, finalitzant a mitjans del 2021 la coberta de teulada de l\u2019estructura.<\/p>\n<p>L&#8217;any 2022 es va treballar en les instal\u00b7lacions d&#8217;aigua i electricitat de tot l&#8217;edifici, col\u00b7locaci\u00f3 de pladur de la segona planta, construcci\u00f3 de les escales al primer i segon pis, etc&#8230;<\/p>\n<p>L&#8217;any 2023 es va finalitzar totalment la segona planta on es van fer els treballs de col\u00b7locaci\u00f3 de l&#8217;enfustat del sostre, il\u00b7luminaci\u00f3, enrajolat, poliment i abrillantat del terratzo, finestres, pintura, instal\u00b7laci\u00f3 total d&#8217;un espai per a serveis amb lavabo, dutxa, escalfador, grup de pressi\u00f3, etc&#8230;<\/p>\n<p>L&#8217;any 2024 s&#8217;ha posat en funcionament la segona planta com a lloc per a reunions poc nombroses i per a tasques d&#8217;arxiu i catalogaci\u00f3 de la biblioteca.<\/p>\n<p>Les obres de la primera planta s&#8217;han alentit aquest any per q\u00fcestions burocr\u00e0tiques relacionades amb el cadastre i registre de la propietat i temes de seguretat en l&#8217;edifici a causa de l&#8217;incendi que va patir l&#8217;any 1972.<\/p>\n<p>&nbsp;<\/p>\n<p><strong>Qu\u00e8 hem fet fins ara<\/strong><\/p>\n<p>Si<a href=\"https:\/\/brufaganya.cat\/2020\/evolucio-casa-de-lermita\/\"> cliqueu aqu\u00ed<\/a> podreu apreciar visualment totes les obres que hem fet aquests \u00faltims anys i l&#8217;estat en que estava inicialment.<\/p>\n<p>&nbsp;<\/p>\n<p><strong>Qu\u00e8 val l&#8217;obra i com es paga (desembre de 2024).<\/strong><\/p>\n<p>En el projecte original es va indicar un cost aproximat de 120.000\u20ac. Les factures pagades a industrials i materials de construcci\u00f3 son ara de 50602,16\u20ac, a on caldria sumar-hi la feina de voluntariat que es mouria al voltant de 36.000\u20ac. Tamb\u00e9 s&#8217;han pagat 9033,32\u20ac entre l&#8217;amortitzaci\u00f3 i els interessos del pr\u00e9stec.<\/p>\n<p>Per poder finalitzar la teulada l&#8217;any\u00a0 2021 es va fer un pr\u00e9stec a nom de la parr\u00f2quia de 15.000 euros. Actualment se n&#8217;han amortitzat 7750,00\u20ac i en queda un capital viu de 7.250,00\u20ac seran retornats durant els propers 2 anys i mig. L\u2019obra era totalment necess\u00e0ria per evitar que l\u2019edifici es deterior\u00e9s encara m\u00e9s.<\/p>\n<p>La Diputaci\u00f3 de Tarragona hi ha aportat la quantitat de 17932,49\u20ac.<\/p>\n<p>L\u2019Arquebisbat hi ha aportat 5.000\u20ac i la parr\u00f2quia, segons l\u2019\u00faltim balan\u00e7, 2947,16\u20ac<\/p>\n<p>Les associacions dels Amics de Sant Mag\u00ed hi han aportat des de l\u2019any 2019 la quantitat de\u00a0 7519,91\u20ac<\/p>\n<p>La campanya de mecenatge iniciada a finals del 2020 ha aportat 11.319\u20ac repartida entre 75 donants. La mitjana de cada donant \u00e9s de 150,91\u20ac. Amb m\u00e9s aportacions de mecenatge esperem poder pagar les quotes del pr\u00e9stec de cada any\u00a0 que pujaran uns 3.200\u20ac cada any.<\/p>\n<p>&nbsp;<\/p>\n<p><strong>Qu\u00e8 demanem<\/strong><\/p>\n<p>Que les persones que estimeu Sant Mag\u00ed i doneu suport a la nostra l\u00ednia d\u2019activitats: aplecs, activitats de natura, concerts, publicacions, celebracions religioses, etc&#8230; \u00a0feu aportacions econ\u00f2miques amb els avantatges fiscals que reconeix la llei.<\/p>\n<p>El fet de que ara hi hagi un grup de voluntaris que cada any s&#8217;incrementa i que tenen unes ganes immenses de treballar ens fa creure que els nostres objectius s\u00f3n assolibles.<\/p>\n<p><strong>\u00a0<\/strong><\/p>\n<p><strong>Qui som els promotors<\/strong><\/p>\n<p>L\u2019Associaci\u00f3 d\u2019Amics de Sant Mag\u00ed de la Brufaganya i el seu entorn en col\u00b7laboraci\u00f3 plena amb la Parr\u00f2quia. Aquesta col\u00b7laboraci\u00f3 fa possible el \u00a0bon tractament fiscal de les donacions.<\/p>\n<p><strong>\u00a0<\/strong><\/p>\n<p><strong>Qu\u00e8 oferim<\/strong><\/p>\n<p>1.- El dret de qualsevol donant de passar un cap de setmana gratu\u00eftament a la Casa de l\u2019Ermit\u00e0 quan estigui acabada.<\/p>\n<p>2.- Una visita guiada al santuari i entorn els dies en que hi hagi missa (tercers diumenges de\u00a0 mes entre abril i desembre).<\/p>\n<p>3.- I sobretot la satisfacci\u00f3 de posar una petita pedra en l\u2019edifici que ser\u00e0 CASA VOSTRA i en el projecte global de la Brufaganya.<\/p>\n<p><strong>\u00a0<\/strong><\/p>\n<p>Gr\u00e0cies per col\u00b7laborar en que Sant Mag\u00ed sigui CASA DE TOTS.[\/vc_column_text][\/vc_column][vc_column width=&#8221;1\/4&#8243;]\t<div\n\t\t\t\t\tclass=\"bs-shortcode bs-text \">\n\t\t\t\t<div class=\"bs-text-content\">\n\t\t\t<\/p>\n<h3>Com es poden fer els donatius?<\/h3>\n<p><strong>1.- Fent un ingr\u00e9s al compte corrent de CaixaBank: \u00a0ES81 2100 9046 9802 0009 7471<\/strong><\/p>\n<p><strong>2.- Per e-bizum: 01971\u00a0<\/strong> (Poseu aquest n\u00famero d&#8217;ONG en l&#8217;apartat donatius del vostre BIZUM al tel\u00e8fon m\u00f2bil)<\/p>\n<p><strong>Important:<\/strong> En aquests dos casos, si voleu gaudir de la desgravaci\u00f3 ens heu d\u2019enviar un correu electr\u00f2nic amb les vostres dades fiscals al correu <a href=\"mailto:amicssantmagi@brufaganya.cat\">amicssantmagi@brufaganya.cat<\/a> \u00a0(Nom i cognoms \/ NIF\/ domicili)<\/p>\n<p><strong>3.- A trav\u00e9s del seg\u00fcent enlla\u00e7: <\/strong><a href=\"http:\/\/www.donoalamevaesglesia.cat\">www.donoalamevaesglesia.cat<\/a><\/p>\n<p>Clicant al bot\u00f3 \u201cDonar a la meva parr\u00f2quia\u201d indicant el codi postal 43421 \u2013 Pontils (Tarragona) i seleccionant la Parr\u00f2quia de Sant Mag\u00ed<\/p>\n<p><strong>4.- Omplint la butlleta del tr\u00edptic.<\/strong><\/p>\n<p>El podeu <a href=\"https:\/\/brufaganya.cat\/2020\/wp-content\/uploads\/2020\/12\/11134_triptic_casa_vostra_brufaganya.pdf\"><strong>descarregar aqu\u00ed<\/strong><\/a> mateix i fent-nos arribar per correu postal la butlleta a Amics de Sant Mag\u00ed de la Brufaganya \/ Castells dels Comtes \/ 43420 Santa Coloma de Queralt o b\u00e9 enviant-la al correu <a href=\"mailto:amicssantmagi@brufaganya.cat\">amicssantmagi@brufaganya.cat<\/a><\/p>\n<p style=\"font-size: 12px;\">Nota: Els donatius s\u00f3n confidencials i nom\u00e9s estaran a l\u2019abast de les persones que tenen cura de l\u2019economia del santuari.<\/p>\n<p>\n\t\t<\/div>\n\t<\/div><!-- .bs-text -->\n\t<div\n\t\t\t\t\tclass=\"bs-shortcode bs-text \">\n\t\t\t\t<div class=\"bs-text-content\">\n\t\t\t<\/p>\n<h3>Tractament fiscal<\/h3>\n<p>La Parr\u00f2quia, com a part de l\u2019Esgl\u00e9sia, queda englobada en la Llei de Mecenatge 49\/2002 i per tant les donacions desgraven en la declaraci\u00f3 de la renda o en l\u2019impost de societats.<\/p>\n<p>L&#8217;any 2024 el donatiu d\u2019una persona f\u00edsica de fins a 250\u20ac t\u00e9 una desgravaci\u00f3 del 80% i el que excedeix del 40%. A una persona que dona 250\u20ac en realitat li costa 50\u20ac. Si un matrimoni dona 500\u20ac el cost \u00e9s de 100\u20ac sempre que facin la donaci\u00f3 i la declaraci\u00f3 separats.<\/p>\n<p>Les empreses desgraven un 40% en l\u2019impost.<\/p>\n\t\t<\/div>\n\t<\/div><!-- .bs-text -->\n[\/vc_column][\/vc_row]<\/p>\n","protected":false},"excerpt":{"rendered":"<p>[vc_row][vc_column][vc_single_image image=&#8221;5796&#8243; img_size=&#8221;full&#8221; add_caption=&#8221;yes&#8221; alignment=&#8221;center&#8221; el_class=&#8221;hero-propi&#8221;][\/vc_column][\/vc_row][vc_row content_placement=&#8221;bottom&#8221; disable_element=&#8221;yes&#8221; css=&#8221;.vc_custom_1543407460785{margin-bottom: 0px !important;padding-bottom: 0px !important;}&#8221;][vc_column width=&#8221;1\/4&#8243;][\/vc_column][vc_column width=&#8221;1\/2&#8243;][\/vc_column][vc_column width=&#8221;1\/4&#8243;][\/vc_column][\/vc_row][vc_row][vc_column width=&#8221;1\/4&#8243;][vc_single_image image=&#8221;7169&#8243; img_size=&#8221;full&#8221; alignment=&#8221;center&#8221;][\/vc_column][vc_column width=&#8221;1\/2&#8243;][vc_empty_space height=&#8221;30px&#8221;][vc_single_image image=&#8221;5797&#8243; img_size=&#8221;full&#8221; add_caption=&#8221;yes&#8221; alignment=&#8221;center&#8221;][vc_column_text]Qu\u00e8 \u00e9s\u00a0 Sant Mag\u00ed Casa [&hellip;]<\/p>\n","protected":false},"author":1,"featured_media":0,"parent":0,"menu_order":0,"comment_status":"open","ping_status":"closed","template":"","meta":{"inline_featured_image":false,"footnotes":""},"class_list":["post-5795","page","type-page","status-publish","hentry"],"yoast_head":"<!-- This site is optimized with the Yoast SEO plugin v27.4 - https:\/\/yoast.com\/product\/yoast-seo-wordpress\/ -->\n<title>SANT MAG\u00cd CASA VOSTRA &#187; Sant Mag\u00ed de la Brufaganya<\/title>\n<meta name=\"robots\" content=\"index, follow, max-snippet:-1, max-image-preview:large, max-video-preview:-1\" \/>\n<link rel=\"canonical\" href=\"https:\/\/brufaganya.cat\/2020\/casa-vostra\/\" \/>\n<meta property=\"og:locale\" content=\"ca_ES\" \/>\n<meta property=\"og:type\" content=\"article\" \/>\n<meta property=\"og:title\" content=\"SANT MAG\u00cd CASA VOSTRA &#187; Sant Mag\u00ed de la Brufaganya\" \/>\n<meta property=\"og:description\" content=\"[vc_row][vc_column][vc_single_image image=&#8221;5796&#8243; img_size=&#8221;full&#8221; add_caption=&#8221;yes&#8221; alignment=&#8221;center&#8221; el_class=&#8221;hero-propi&#8221;][\/vc_column][\/vc_row][vc_row content_placement=&#8221;bottom&#8221; disable_element=&#8221;yes&#8221; css=&#8221;.vc_custom_1543407460785{margin-bottom: 0px !important;padding-bottom: 0px !important;}&#8221;][vc_column width=&#8221;1\/4&#8243;][\/vc_column][vc_column width=&#8221;1\/2&#8243;][\/vc_column][vc_column width=&#8221;1\/4&#8243;][\/vc_column][\/vc_row][vc_row][vc_column width=&#8221;1\/4&#8243;][vc_single_image image=&#8221;7169&#8243; img_size=&#8221;full&#8221; alignment=&#8221;center&#8221;][\/vc_column][vc_column width=&#8221;1\/2&#8243;][vc_empty_space height=&#8221;30px&#8221;][vc_single_image image=&#8221;5797&#8243; img_size=&#8221;full&#8221; add_caption=&#8221;yes&#8221; alignment=&#8221;center&#8221;][vc_column_text]Qu\u00e8 \u00e9s\u00a0 Sant Mag\u00ed Casa [&hellip;]\" \/>\n<meta property=\"og:url\" content=\"https:\/\/brufaganya.cat\/2020\/casa-vostra\/\" \/>\n<meta property=\"og:site_name\" content=\"Sant Mag\u00ed de la Brufaganya\" \/>\n<meta property=\"article:modified_time\" content=\"2026-01-07T12:56:20+00:00\" \/>\n<meta name=\"twitter:card\" content=\"summary_large_image\" \/>\n<meta name=\"twitter:label1\" content=\"Temps estimat de lectura\" \/>\n\t<meta name=\"twitter:data1\" content=\"7 minuts\" \/>\n<script type=\"application\/ld+json\" class=\"yoast-schema-graph\">{\"@context\":\"https:\\\/\\\/schema.org\",\"@graph\":[{\"@type\":\"WebPage\",\"@id\":\"https:\\\/\\\/brufaganya.cat\\\/2020\\\/casa-vostra\\\/\",\"url\":\"https:\\\/\\\/brufaganya.cat\\\/2020\\\/casa-vostra\\\/\",\"name\":\"SANT MAG\u00cd CASA VOSTRA &#187; Sant Mag\u00ed de la Brufaganya\",\"isPartOf\":{\"@id\":\"https:\\\/\\\/brufaganya.cat\\\/2020\\\/#website\"},\"datePublished\":\"2020-12-09T15:57:38+00:00\",\"dateModified\":\"2026-01-07T12:56:20+00:00\",\"breadcrumb\":{\"@id\":\"https:\\\/\\\/brufaganya.cat\\\/2020\\\/casa-vostra\\\/#breadcrumb\"},\"inLanguage\":\"ca\",\"potentialAction\":[{\"@type\":\"ReadAction\",\"target\":[\"https:\\\/\\\/brufaganya.cat\\\/2020\\\/casa-vostra\\\/\"]}]},{\"@type\":\"BreadcrumbList\",\"@id\":\"https:\\\/\\\/brufaganya.cat\\\/2020\\\/casa-vostra\\\/#breadcrumb\",\"itemListElement\":[{\"@type\":\"ListItem\",\"position\":1,\"name\":\"Inici\",\"item\":\"https:\\\/\\\/brufaganya.cat\\\/2020\\\/\"},{\"@type\":\"ListItem\",\"position\":2,\"name\":\"SANT MAG\u00cd CASA VOSTRA\"}]},{\"@type\":\"WebSite\",\"@id\":\"https:\\\/\\\/brufaganya.cat\\\/2020\\\/#website\",\"url\":\"https:\\\/\\\/brufaganya.cat\\\/2020\\\/\",\"name\":\"Sant Mag\u00ed de la Brufaganya\",\"description\":\"Lloc web de Sant Mag\u00ed de la Brufaganya\",\"publisher\":{\"@id\":\"https:\\\/\\\/brufaganya.cat\\\/2020\\\/#organization\"},\"potentialAction\":[{\"@type\":\"SearchAction\",\"target\":{\"@type\":\"EntryPoint\",\"urlTemplate\":\"https:\\\/\\\/brufaganya.cat\\\/2020\\\/?s={search_term_string}\"},\"query-input\":{\"@type\":\"PropertyValueSpecification\",\"valueRequired\":true,\"valueName\":\"search_term_string\"}}],\"inLanguage\":\"ca\"},{\"@type\":\"Organization\",\"@id\":\"https:\\\/\\\/brufaganya.cat\\\/2020\\\/#organization\",\"name\":\"Sant Mag\u00ed de Brufaganya\",\"url\":\"https:\\\/\\\/brufaganya.cat\\\/2020\\\/\",\"logo\":{\"@type\":\"ImageObject\",\"inLanguage\":\"ca\",\"@id\":\"https:\\\/\\\/brufaganya.cat\\\/2020\\\/#\\\/schema\\\/logo\\\/image\\\/\",\"url\":\"https:\\\/\\\/brufaganya.cat\\\/2020\\\/wp-content\\\/uploads\\\/2018\\\/11\\\/st_marti_bruga_horitz_posi_logo.jpg\",\"contentUrl\":\"https:\\\/\\\/brufaganya.cat\\\/2020\\\/wp-content\\\/uploads\\\/2018\\\/11\\\/st_marti_bruga_horitz_posi_logo.jpg\",\"width\":1479,\"height\":804,\"caption\":\"Sant Mag\u00ed de Brufaganya\"},\"image\":{\"@id\":\"https:\\\/\\\/brufaganya.cat\\\/2020\\\/#\\\/schema\\\/logo\\\/image\\\/\"},\"sameAs\":[\"https:\\\/\\\/ca.wikipedia.org\\\/wiki\\\/Sant_Mag\u00ed_de_Brufaganya\"]}]}<\/script>\n<!-- \/ Yoast SEO plugin. -->","yoast_head_json":{"title":"SANT MAG\u00cd CASA VOSTRA &#187; Sant Mag\u00ed de la Brufaganya","robots":{"index":"index","follow":"follow","max-snippet":"max-snippet:-1","max-image-preview":"max-image-preview:large","max-video-preview":"max-video-preview:-1"},"canonical":"https:\/\/brufaganya.cat\/2020\/casa-vostra\/","og_locale":"ca_ES","og_type":"article","og_title":"SANT MAG\u00cd CASA VOSTRA &#187; Sant Mag\u00ed de la Brufaganya","og_description":"[vc_row][vc_column][vc_single_image image=&#8221;5796&#8243; img_size=&#8221;full&#8221; add_caption=&#8221;yes&#8221; alignment=&#8221;center&#8221; el_class=&#8221;hero-propi&#8221;][\/vc_column][\/vc_row][vc_row content_placement=&#8221;bottom&#8221; disable_element=&#8221;yes&#8221; css=&#8221;.vc_custom_1543407460785{margin-bottom: 0px !important;padding-bottom: 0px !important;}&#8221;][vc_column width=&#8221;1\/4&#8243;][\/vc_column][vc_column width=&#8221;1\/2&#8243;][\/vc_column][vc_column width=&#8221;1\/4&#8243;][\/vc_column][\/vc_row][vc_row][vc_column width=&#8221;1\/4&#8243;][vc_single_image image=&#8221;7169&#8243; img_size=&#8221;full&#8221; alignment=&#8221;center&#8221;][\/vc_column][vc_column width=&#8221;1\/2&#8243;][vc_empty_space height=&#8221;30px&#8221;][vc_single_image image=&#8221;5797&#8243; img_size=&#8221;full&#8221; add_caption=&#8221;yes&#8221; alignment=&#8221;center&#8221;][vc_column_text]Qu\u00e8 \u00e9s\u00a0 Sant Mag\u00ed Casa [&hellip;]","og_url":"https:\/\/brufaganya.cat\/2020\/casa-vostra\/","og_site_name":"Sant Mag\u00ed de la Brufaganya","article_modified_time":"2026-01-07T12:56:20+00:00","twitter_card":"summary_large_image","twitter_misc":{"Temps estimat de lectura":"7 minuts"},"schema":{"@context":"https:\/\/schema.org","@graph":[{"@type":"WebPage","@id":"https:\/\/brufaganya.cat\/2020\/casa-vostra\/","url":"https:\/\/brufaganya.cat\/2020\/casa-vostra\/","name":"SANT MAG\u00cd CASA VOSTRA &#187; Sant Mag\u00ed de la Brufaganya","isPartOf":{"@id":"https:\/\/brufaganya.cat\/2020\/#website"},"datePublished":"2020-12-09T15:57:38+00:00","dateModified":"2026-01-07T12:56:20+00:00","breadcrumb":{"@id":"https:\/\/brufaganya.cat\/2020\/casa-vostra\/#breadcrumb"},"inLanguage":"ca","potentialAction":[{"@type":"ReadAction","target":["https:\/\/brufaganya.cat\/2020\/casa-vostra\/"]}]},{"@type":"BreadcrumbList","@id":"https:\/\/brufaganya.cat\/2020\/casa-vostra\/#breadcrumb","itemListElement":[{"@type":"ListItem","position":1,"name":"Inici","item":"https:\/\/brufaganya.cat\/2020\/"},{"@type":"ListItem","position":2,"name":"SANT MAG\u00cd CASA VOSTRA"}]},{"@type":"WebSite","@id":"https:\/\/brufaganya.cat\/2020\/#website","url":"https:\/\/brufaganya.cat\/2020\/","name":"Sant Mag\u00ed de la Brufaganya","description":"Lloc web de Sant Mag\u00ed de la Brufaganya","publisher":{"@id":"https:\/\/brufaganya.cat\/2020\/#organization"},"potentialAction":[{"@type":"SearchAction","target":{"@type":"EntryPoint","urlTemplate":"https:\/\/brufaganya.cat\/2020\/?s={search_term_string}"},"query-input":{"@type":"PropertyValueSpecification","valueRequired":true,"valueName":"search_term_string"}}],"inLanguage":"ca"},{"@type":"Organization","@id":"https:\/\/brufaganya.cat\/2020\/#organization","name":"Sant Mag\u00ed de Brufaganya","url":"https:\/\/brufaganya.cat\/2020\/","logo":{"@type":"ImageObject","inLanguage":"ca","@id":"https:\/\/brufaganya.cat\/2020\/#\/schema\/logo\/image\/","url":"https:\/\/brufaganya.cat\/2020\/wp-content\/uploads\/2018\/11\/st_marti_bruga_horitz_posi_logo.jpg","contentUrl":"https:\/\/brufaganya.cat\/2020\/wp-content\/uploads\/2018\/11\/st_marti_bruga_horitz_posi_logo.jpg","width":1479,"height":804,"caption":"Sant Mag\u00ed de Brufaganya"},"image":{"@id":"https:\/\/brufaganya.cat\/2020\/#\/schema\/logo\/image\/"},"sameAs":["https:\/\/ca.wikipedia.org\/wiki\/Sant_Mag\u00ed_de_Brufaganya"]}]}},"_links":{"self":[{"href":"https:\/\/brufaganya.cat\/2020\/wp-json\/wp\/v2\/pages\/5795","targetHints":{"allow":["GET"]}}],"collection":[{"href":"https:\/\/brufaganya.cat\/2020\/wp-json\/wp\/v2\/pages"}],"about":[{"href":"https:\/\/brufaganya.cat\/2020\/wp-json\/wp\/v2\/types\/page"}],"author":[{"embeddable":true,"href":"https:\/\/brufaganya.cat\/2020\/wp-json\/wp\/v2\/users\/1"}],"replies":[{"embeddable":true,"href":"https:\/\/brufaganya.cat\/2020\/wp-json\/wp\/v2\/comments?post=5795"}],"version-history":[{"count":0,"href":"https:\/\/brufaganya.cat\/2020\/wp-json\/wp\/v2\/pages\/5795\/revisions"}],"wp:attachment":[{"href":"https:\/\/brufaganya.cat\/2020\/wp-json\/wp\/v2\/media?parent=5795"}],"curies":[{"name":"wp","href":"https:\/\/api.w.org\/{rel}","templated":true}]}}