{"id":572,"date":"2018-05-30T16:12:32","date_gmt":"2018-05-30T14:12:32","guid":{"rendered":"http:\/\/tgd.info\/cip\/?page_id=572"},"modified":"2018-11-06T10:41:24","modified_gmt":"2018-11-06T08:41:24","slug":"avis-legal","status":"publish","type":"page","link":"https:\/\/brufaganya.cat\/2020\/avis-legal\/","title":{"rendered":"Avis legal"},"content":{"rendered":"<p>[vc_section][vc_row full_width=&#8221;stretch_row&#8221;][vc_column][vc_empty_space]<div id=\"ultimate-heading-811569eb408e1c6af\" class=\"uvc-heading ult-adjust-bottom-margin ultimate-heading-811569eb408e1c6af uvc-1365 \" data-hspacer=\"no_spacer\"  data-halign=\"left\" style=\"text-align:left\"><div class=\"uvc-heading-spacer no_spacer\" style=\"top\"><\/div><div class=\"uvc-main-heading ult-responsive\"  data-ultimate-target='.uvc-heading.ultimate-heading-811569eb408e1c6af h2'  data-responsive-json-new='{\"font-size\":\"\",\"line-height\":\"\"}' ><h2 style=\"font-weight:normal;\">Av\u00eds legal<\/h2><\/div><\/div>[vc_empty_space][vc_column_text]<strong>Aquesta p\u00e0gina Web \u00e9s propietat de l&#8217;Associaci\u00f3 d&#8217;Amics de Sant Mag\u00ed de Brufaganya<\/strong><strong>. <\/strong><\/p>\n<p>Per a qualsevol pregunta o proposta, contactin a l\u2019e-mail: <strong>amicssantmagi@tinet.cat<\/strong>.<\/p>\n<p>Aquesta p\u00e0gina Web es regeix per la normativa exclusivament aplicable a Espa\u00f1a, quedant sotmesa a ella, tant nacionals com estrangers que utilitzin aquesta Web.<\/p>\n<p>L\u2019acc\u00e9s a la nostra p\u00e0gina Web per part de l\u2019USUARI \u00e9s gratu\u00eft i est\u00e0 condicionat a la pr\u00e8via lectura i acceptaci\u00f3 integra, expressa i sense reserves de les presents CONDICIONS GENERALS D\u2019US vigents en el moment de l\u2019 acc\u00e9s, que preguem que llegeixi detalladament. L\u2019USUARI en el moment que utilitza el nostre portal, continguts o serveis, accepta i se sotmet expressament a les condicions generals d\u2019\u00fas d\u2019aquest. Si l\u2019usuari no estigu\u00e9s d\u2019acord amb aquestes condicions d\u2019\u00fas, haur\u00e0 d\u2019abstenir-se d\u2019utilitzar aquest portal i operar per mitj\u00e0 del mateix.<\/p>\n<p>En qualsevol moment podem modificar la presentaci\u00f3 i configuraci\u00f3 del nostre Web, ampliar o reduir serveis, o incl\u00fas suprimir-la de la Xarxa, aix\u00ed com els serveis i continguts prestats, de forma unilateral i sense previs avis.[\/vc_column_text][vc_empty_space][vc_column_text]<\/p>\n<h3 style=\"text-align: left;\">A. PROPIETAT INTEL.LECTUAL<\/h3>\n<p style=\"text-align: justify;\">Tots els continguts, textos, imatges, marques i codis font, s\u00f3n de la nostra propietat o de tercers als que se\u2019ls han adquirit els seus drets d\u2019explotaci\u00f3, i estan protegits pels drets de Propietat Intel\u00b7lectual i Industrial.<\/p>\n<p style=\"text-align: justify;\">L\u2019usuari \u00fanicament t\u00e9 dret a un \u00fas privat d\u2019aquests, sense \u00e0nim de lucre, i necessita autoritzaci\u00f3 expressa per a modificar-los, reproduir-los, explotar-los, distribuir-los o exercir qualsevol dret propietat del seu titular.<\/p>\n<p>[\/vc_column_text][vc_empty_space][vc_column_text]<\/p>\n<h3 style=\"text-align: left;\">B. CONDICIONS D\u2019ACC\u00c9S<\/h3>\n<p style=\"text-align: justify;\">L\u2019acc\u00e9s a la nostra p\u00e0gina Web \u00e9s gratu\u00eft i no exigeix pr\u00e8via subscripci\u00f3 o registre.<\/p>\n<p style=\"text-align: justify;\">L\u2019envio de dades personals, implica l\u2019acceptaci\u00f3 expressa per part de l\u2019USUARI de la nostra pol\u00edtica de privacitat.<\/p>\n<p style=\"text-align: justify;\">L\u2019usuari ha d\u2019accedir a la nostra p\u00e0gina Web conforme a la bona fe, les normes d\u2019ordre p\u00fablic i a les presents Condiciones Generales d\u2019\u00fas. L\u2019acc\u00e9s al nostre lloc Web es realitza amb la pr\u00f2pia i exclusiva responsabilitat de l\u2019usuari, que respondr\u00e0 en tot cas dels danys i perjudicis que pugui causar a tercers, o, a nosaltres mateixos.<\/p>\n<p>Tenint en compte la impossibilitat de control respecte a la informaci\u00f3, continguts i serveis que continguin altres p\u00e0gines web als que es pugui accedir a trav\u00e9s dels enlla\u00e7os de la nostra p\u00e0gina web posi a la seva disposici\u00f3, li comuniquem que quedem eximits de qualsevol responsabilitat pels danys i perjudicis de tota classe que poguessin derivar per utilitzaci\u00f3 d\u2019aquestes p\u00e0gines web, alienes a la nostra empresa, per part de l\u2019usuari.[\/vc_column_text][\/vc_column][\/vc_row][\/vc_section][vc_section el_id=&#8221;politica-privacitat&#8221;][vc_row full_width=&#8221;stretch_row&#8221;][vc_column][vc_column_text]<\/p>\n<h3 style=\"text-align: left;\">C. POL\u00cdTICA DE PRIVACITAT<\/h3>\n<p style=\"text-align: justify;\">La confidencialitat i la seguretat s\u00f3n valors primordials de l<strong>&#8216;Associaci\u00f3 d&#8217;Amics de Sant Mag\u00ed de Brufaganya<\/strong>\u00a0i, en conseq\u00fc\u00e8ncia, assumim el comprom\u00eds de garantir la privacitat de l\u2019Usuari en tot moment i de no recollir informaci\u00f3 innecess\u00e0ria. A continuaci\u00f3, li proporcionem tota la informaci\u00f3 necess\u00e0ria sobre la nostra Pol\u00edtica de Privacitat en relaci\u00f3 amb les dades personals que recollim, explicant-li:<\/p>\n<ul>\n<li>Qui \u00e9s el responsable del tractament de les seves dades.<\/li>\n<li>Per quines finalitats recollim les dades que li sol\u00b7licitem.<\/li>\n<li>Quina \u00e9s la legitimaci\u00f3 per al seu tractament.<\/li>\n<li>Durant quin temps els conservem.<\/li>\n<li>A quins destinataris es comuniquen les seves dades.<\/li>\n<li>Quins s\u00f3n els seus drets.<\/li>\n<\/ul>\n<p>[\/vc_column_text][vc_column_text]<\/p>\n<ol>\n<li><strong>RESPONSABLE<\/strong>: veure dades a l\u2019encap\u00e7alament.<\/li>\n<\/ol>\n<p>[\/vc_column_text][vc_column_text]<\/p>\n<ol start=\"2\">\n<li><strong>FINALITATS, LEGITIMACI\u00d3 I CONSERVACI\u00d3<\/strong>\u00a0 del tractament de les dades enviades a trav\u00e9s de:<\/li>\n<\/ol>\n<p>[\/vc_column_text][vc_column_text]<\/p>\n<ul>\n<li><u>Formulari de Contacte<\/u>.<\/li>\n<\/ul>\n<p style=\"text-align: justify;\">Finalitat: Facilitar-li un mitj\u00e0 perqu\u00e8 pugui posar-se en contacte amb nosaltres i contestar a les seves sol\u00b7licituds d\u2019informaci\u00f3, tamb\u00e9 enviar-li comunicacions dels nostres productes, serveis i activitats, per mitjans electr\u00f2nics (correu electr\u00f2nic, SMS, whatsApp), si marca la casella d\u2019acceptaci\u00f3.<\/p>\n<p style=\"text-align: justify;\">Legitimaci\u00f3: El consentiment de l\u2019usuari en sol\u00b7licitar-nos informaci\u00f3 a trav\u00e9s del nostre formulari de contactes i en marcar la casella d\u2019acceptaci\u00f3 de l\u2019enviament d\u2019informaci\u00f3.<\/p>\n<p style=\"text-align: justify;\">Conservaci\u00f3: Un cop resolta la seva sol\u00b7licitud per mitj\u00e0 del nostre formulari o contestada per correu electr\u00f2nic, si no ha generat un nou tractament, i en cas d\u2019haver acceptat rebre envio comercials, fins que sol\u00b7liciti la Baixa d\u2019aquests.<\/p>\n<p>[\/vc_column_text][vc_column_text]<\/p>\n<ul>\n<li><u>Enviament de correus electr\u00f2nics.<\/u><\/li>\n<\/ul>\n<p>Finalitat: Contestar a les seves sol\u00b7licituds d\u2019informaci\u00f3, atendre les seves peticions i respondre les seves consultes o dubtes.\u00a0\u00a0En cas de rebre el seu Curr\u00edculum Vitae, les seves dades personals i curriculars podran formar part de les nostres bases de dades per a participar en els nostres processos de selecci\u00f3 presents i futurs.<\/p>\n<p>Legitimaci\u00f3: El consentiment de l\u2019usuari en sol\u00b7licitar-nos informaci\u00f3 a trav\u00e9s de l\u2019adre\u00e7a de correu electr\u00f2nic o enviar-nos les seves dades i CV per a participar en processos de selecci\u00f3.<\/p>\n<p>Conservaci\u00f3: Un cop resulta contestada la seva petici\u00f3 per correu electr\u00f2nic, si no ha generat un nou tractament. En cas de rebre el seu CV, les dades podran ser conservats durant un any m\u00e0xim per a futurs processos de selecci\u00f3.[\/vc_column_text][vc_column_text]<\/p>\n<p style=\"text-align: justify;\"><strong>Obligaci\u00f3 de facilitar-nos les dades personals i conseq\u00fc\u00e8ncies de no fer-ho.<\/strong><\/p>\n<p style=\"text-align: justify;\">El subministrament de dades personals requereix una edat m\u00ednima de 14 anys, o en el seu cas, disposar de capacitat jur\u00eddica suficient per contractar.<\/p>\n<p style=\"text-align: justify;\">Les dades personals sol\u00b7licitades s\u00f3n necess\u00e0ries per gestionar les seves sol\u00b7licituds, donar-lo d\u2019alta com a usuari i\/o prestar-li els serveis que pugui contractar, pel que, si no ens els facilita, no podrem atendre correctament ni donar-li el servei que ha sol\u00b7licitat.<\/p>\n<p style=\"text-align: justify;\">En tots cas, ens reservem el dret\u00a0de decidir sobre la incorporaci\u00f3 o no de les seves dades personals i altra informaci\u00f3\u00a0a les nostres bases de dades.<\/p>\n<p>[\/vc_column_text][vc_column_text]<\/p>\n<ol start=\"3\">\n<li>DESTINATARIS DE LES SEVES DADES.<\/li>\n<\/ol>\n<p style=\"text-align: left;\">Les seves dades s\u00f3n confidencials i no se cediran a tercers, llevat que existeixi obligaci\u00f3 legal.<\/p>\n<p>[\/vc_column_text][vc_column_text]<\/p>\n<ol start=\"4\">\n<li>DRETS EN RELACI\u00d3 AMB LES SEVES DADES PERSONALS.<\/li>\n<\/ol>\n<p style=\"text-align: justify;\">Qualsevol persona pot retirar el consentiment en qualsevol moment, quan s\u2019hagi atorgat per al tractament de les seves dades. En cap cas, la retirada del consentiment condiciona l\u2019execuci\u00f3 del contracte de subscripci\u00f3 o les relacions generades amb anterioritat.<\/p>\n<p style=\"text-align: justify;\">Igualment, pot exercir els seg\u00fcents drets:<\/p>\n<ul style=\"text-align: justify;\">\n<li>Sol\u00b7licitar l\u2019acc\u00e9s a les seves dades personals o a la rectificaci\u00f3 quan siguin inexactes.<\/li>\n<li>Sol\u00b7licitar la supressi\u00f3 quan, entre altres motius, quan les dades ja no sigui necessaris per a la finalitat en qu\u00e8 van ser recollits.<\/li>\n<li>Sol\u00b7licitar la limitaci\u00f3 del tractament en determinades circumst\u00e0ncies.<\/li>\n<li>Sol\u00b7licitar l\u2019oposici\u00f3 al tractament de les seves dades per motius relacionats amb la seva situaci\u00f3 particular.<\/li>\n<li>Sol\u00b7licitar la portabilitat de les dades en els casos previstos a la normativa.<\/li>\n<li>Altres drets reconeguts a les normatives aplicables.<\/li>\n<\/ul>\n<p style=\"text-align: justify;\"><u>On i com sol\u00b7licitar els seus Drets<\/u>: Mitjan\u00e7ant un escrit dirigit al responsable a la seva adre\u00e7a postal o electr\u00f2nica (indicada en l\u2019apartat A), indicant la refer\u00e8ncia \u201cDades Personals\u201d, especificant el dret que es requereix exercir i respecte a quines dades personals.<\/p>\n<p style=\"text-align: justify;\">En cas de diverg\u00e8ncies amb l\u2019empresa en relaci\u00f3 amb el tractament de les seves dades, pot presentar una reclamaci\u00f3 davant l\u2019Agencia de Protecci\u00f3n de Datos (www.agpd.es).<\/p>\n<p>[\/vc_column_text][vc_column_text]<\/p>\n<ol start=\"5\">\n<li>SEGURETAT DE LES SEVES DADES PERSONALS<\/li>\n<\/ol>\n<p style=\"text-align: left;\">Amb l\u2019objectiu de salvaguardar la seguretat de les seves dades personals, l\u2019informem que hem adoptat totes les mesures d\u2019\u00edndole t\u00e8cnica i organitzativa necess\u00e0ries per a garantir la seguretat de les dades personals subministrades de la seva alteraci\u00f3, p\u00e8rdua i tractaments o accessos no autoritzats.<\/p>\n<p>[\/vc_column_text][vc_column_text]<\/p>\n<ol start=\"6\">\n<li>ACTUALITZACI\u00d3 DE DADES<\/li>\n<\/ol>\n<p style=\"text-align: left;\">\u00c9s important que perqu\u00e8 puguem mantenir les dades personals actualitzades, ens informi sempre que hi hagi alguna modificaci\u00f3 en ells, en cas contrari, no responem de la veracitat d\u2019aquests.<br \/>\nNo ens fem responsables de la pol\u00edtica de privacitat respecte a dades personals que pugui facilitar a tercers per mitj\u00e0 dels enlla\u00e7os disponibles a la nostra p\u00e0gina web.<br \/>\nLa present Pol\u00edtica de Privacitat pot ser modificada per adaptar-la als canvis que es produeixin al nostre web, aix\u00ed, com modificacions legislatives o jurisprudencials sobre dades personals que vagin apareixent, pel que exigeix la seva lectura, cada vegada que ens faciliti les seves dades a trav\u00e9s d\u2019aquesta Web.<\/p>\n<p>[\/vc_column_text][\/vc_column][\/vc_row][\/vc_section][vc_section][vc_row full_width=&#8221;stretch_row&#8221;][vc_column][vc_column_text]<\/p>\n<h3 style=\"text-align: left;\">D. RESPONSABILITATS<\/h3>\n<p style=\"text-align: left;\">En posar a disposici\u00f3 de l\u2019usuari aquesta p\u00e0gina Web volem oferir-li un servei de qualitat, utilitzant la m\u00e0xima diligencia en la prestaci\u00f3 d\u2019aquest, aix\u00ed com en els mitjans tecnol\u00f2gics emprats. Aix\u00f2 no obstant, no responem de la pres\u00e8ncia de virus i altres elements que d\u2019alguna manera puguin danyar el sistema inform\u00e0tic de l\u2019usuari.<\/p>\n<p style=\"text-align: left;\">No garantim que la disponibilitat del servei sigui cont\u00ednua i ininterrompuda.<\/p>\n<p style=\"text-align: left;\">L\u2019USUARI t\u00e9 prohibit qualsevol tipus d\u2019acci\u00f3 sobre el nostre portal que origini una excessiva sobrec\u00e0rrega de funcionament als nostres sistemes inform\u00e0tics, aix\u00ed com la introducci\u00f3 de virus, o instal\u00b7lacions de robots, o software que alteri el normal funcionament del nostre web, o en definitiva pugui causar danys als nostres sistemes inform\u00e0tics.<\/p>\n<p style=\"text-align: left;\">L\u2019USUARI assumeix tota la responsabilitat derivada de l\u2019\u00fas de la nostra p\u00e0gina web.<\/p>\n<p style=\"text-align: left;\">L\u2019USUARI reconeix que ha ent\u00e8s tota la informaci\u00f3 respecte a les condicions d\u2019\u00fas del nostre portal, i reconeix que s\u00f3n suficients per a l\u2019exclusi\u00f3 de l\u2019error en aquestes, i per tant, les accepta integra i expressament.<\/p>\n<p>[\/vc_column_text][\/vc_column][\/vc_row][\/vc_section]<\/p>\n","protected":false},"excerpt":{"rendered":"<p>[vc_section][vc_row full_width=&#8221;stretch_row&#8221;][vc_column][vc_empty_space][vc_empty_space][vc_column_text]Aquesta p\u00e0gina Web \u00e9s propietat de l&#8217;Associaci\u00f3 d&#8217;Amics de Sant Mag\u00ed de Brufaganya. Per a qualsevol pregunta o proposta, contactin a l\u2019e-mail: amicssantmagi@tinet.cat. Aquesta p\u00e0gina Web es regeix per [&hellip;]<\/p>\n","protected":false},"author":1,"featured_media":0,"parent":0,"menu_order":0,"comment_status":"closed","ping_status":"closed","template":"","meta":{"inline_featured_image":false,"footnotes":""},"class_list":["post-572","page","type-page","status-publish","hentry"],"yoast_head":"<!-- This site is optimized with the Yoast SEO plugin v27.4 - https:\/\/yoast.com\/product\/yoast-seo-wordpress\/ -->\n<title>Avis legal &#187; Sant Mag\u00ed de la Brufaganya<\/title>\n<meta name=\"robots\" content=\"index, follow, max-snippet:-1, max-image-preview:large, max-video-preview:-1\" \/>\n<link rel=\"canonical\" href=\"https:\/\/brufaganya.cat\/2020\/avis-legal\/\" \/>\n<meta property=\"og:locale\" content=\"ca_ES\" \/>\n<meta property=\"og:type\" content=\"article\" \/>\n<meta property=\"og:title\" content=\"Avis legal &#187; Sant Mag\u00ed de la Brufaganya\" \/>\n<meta property=\"og:description\" content=\"[vc_section][vc_row full_width=&#8221;stretch_row&#8221;][vc_column][vc_empty_space][vc_empty_space][vc_column_text]Aquesta p\u00e0gina Web \u00e9s propietat de l&#8217;Associaci\u00f3 d&#8217;Amics de Sant Mag\u00ed de Brufaganya. Per a qualsevol pregunta o proposta, contactin a l\u2019e-mail: amicssantmagi@tinet.cat. Aquesta p\u00e0gina Web es regeix per [&hellip;]\" \/>\n<meta property=\"og:url\" content=\"https:\/\/brufaganya.cat\/2020\/avis-legal\/\" \/>\n<meta property=\"og:site_name\" content=\"Sant Mag\u00ed de la Brufaganya\" \/>\n<meta property=\"article:modified_time\" content=\"2018-11-06T08:41:24+00:00\" \/>\n<meta name=\"twitter:card\" content=\"summary_large_image\" \/>\n<meta name=\"twitter:label1\" content=\"Temps estimat de lectura\" \/>\n\t<meta name=\"twitter:data1\" content=\"9 minuts\" \/>\n<script type=\"application\/ld+json\" class=\"yoast-schema-graph\">{\"@context\":\"https:\\\/\\\/schema.org\",\"@graph\":[{\"@type\":\"WebPage\",\"@id\":\"https:\\\/\\\/brufaganya.cat\\\/2020\\\/avis-legal\\\/\",\"url\":\"https:\\\/\\\/brufaganya.cat\\\/2020\\\/avis-legal\\\/\",\"name\":\"Avis legal &#187; Sant Mag\u00ed de la Brufaganya\",\"isPartOf\":{\"@id\":\"https:\\\/\\\/brufaganya.cat\\\/2020\\\/#website\"},\"datePublished\":\"2018-05-30T14:12:32+00:00\",\"dateModified\":\"2018-11-06T08:41:24+00:00\",\"breadcrumb\":{\"@id\":\"https:\\\/\\\/brufaganya.cat\\\/2020\\\/avis-legal\\\/#breadcrumb\"},\"inLanguage\":\"ca\",\"potentialAction\":[{\"@type\":\"ReadAction\",\"target\":[\"https:\\\/\\\/brufaganya.cat\\\/2020\\\/avis-legal\\\/\"]}]},{\"@type\":\"BreadcrumbList\",\"@id\":\"https:\\\/\\\/brufaganya.cat\\\/2020\\\/avis-legal\\\/#breadcrumb\",\"itemListElement\":[{\"@type\":\"ListItem\",\"position\":1,\"name\":\"Inici\",\"item\":\"https:\\\/\\\/brufaganya.cat\\\/2020\\\/\"},{\"@type\":\"ListItem\",\"position\":2,\"name\":\"Avis legal\"}]},{\"@type\":\"WebSite\",\"@id\":\"https:\\\/\\\/brufaganya.cat\\\/2020\\\/#website\",\"url\":\"https:\\\/\\\/brufaganya.cat\\\/2020\\\/\",\"name\":\"Sant Mag\u00ed de la Brufaganya\",\"description\":\"Lloc web de Sant Mag\u00ed de la Brufaganya\",\"publisher\":{\"@id\":\"https:\\\/\\\/brufaganya.cat\\\/2020\\\/#organization\"},\"potentialAction\":[{\"@type\":\"SearchAction\",\"target\":{\"@type\":\"EntryPoint\",\"urlTemplate\":\"https:\\\/\\\/brufaganya.cat\\\/2020\\\/?s={search_term_string}\"},\"query-input\":{\"@type\":\"PropertyValueSpecification\",\"valueRequired\":true,\"valueName\":\"search_term_string\"}}],\"inLanguage\":\"ca\"},{\"@type\":\"Organization\",\"@id\":\"https:\\\/\\\/brufaganya.cat\\\/2020\\\/#organization\",\"name\":\"Sant Mag\u00ed de Brufaganya\",\"url\":\"https:\\\/\\\/brufaganya.cat\\\/2020\\\/\",\"logo\":{\"@type\":\"ImageObject\",\"inLanguage\":\"ca\",\"@id\":\"https:\\\/\\\/brufaganya.cat\\\/2020\\\/#\\\/schema\\\/logo\\\/image\\\/\",\"url\":\"https:\\\/\\\/brufaganya.cat\\\/2020\\\/wp-content\\\/uploads\\\/2018\\\/11\\\/st_marti_bruga_horitz_posi_logo.jpg\",\"contentUrl\":\"https:\\\/\\\/brufaganya.cat\\\/2020\\\/wp-content\\\/uploads\\\/2018\\\/11\\\/st_marti_bruga_horitz_posi_logo.jpg\",\"width\":1479,\"height\":804,\"caption\":\"Sant Mag\u00ed de Brufaganya\"},\"image\":{\"@id\":\"https:\\\/\\\/brufaganya.cat\\\/2020\\\/#\\\/schema\\\/logo\\\/image\\\/\"},\"sameAs\":[\"https:\\\/\\\/ca.wikipedia.org\\\/wiki\\\/Sant_Mag\u00ed_de_Brufaganya\"]}]}<\/script>\n<!-- \/ Yoast SEO plugin. -->","yoast_head_json":{"title":"Avis legal &#187; Sant Mag\u00ed de la Brufaganya","robots":{"index":"index","follow":"follow","max-snippet":"max-snippet:-1","max-image-preview":"max-image-preview:large","max-video-preview":"max-video-preview:-1"},"canonical":"https:\/\/brufaganya.cat\/2020\/avis-legal\/","og_locale":"ca_ES","og_type":"article","og_title":"Avis legal &#187; Sant Mag\u00ed de la Brufaganya","og_description":"[vc_section][vc_row full_width=&#8221;stretch_row&#8221;][vc_column][vc_empty_space][vc_empty_space][vc_column_text]Aquesta p\u00e0gina Web \u00e9s propietat de l&#8217;Associaci\u00f3 d&#8217;Amics de Sant Mag\u00ed de Brufaganya. Per a qualsevol pregunta o proposta, contactin a l\u2019e-mail: amicssantmagi@tinet.cat. Aquesta p\u00e0gina Web es regeix per [&hellip;]","og_url":"https:\/\/brufaganya.cat\/2020\/avis-legal\/","og_site_name":"Sant Mag\u00ed de la Brufaganya","article_modified_time":"2018-11-06T08:41:24+00:00","twitter_card":"summary_large_image","twitter_misc":{"Temps estimat de lectura":"9 minuts"},"schema":{"@context":"https:\/\/schema.org","@graph":[{"@type":"WebPage","@id":"https:\/\/brufaganya.cat\/2020\/avis-legal\/","url":"https:\/\/brufaganya.cat\/2020\/avis-legal\/","name":"Avis legal &#187; Sant Mag\u00ed de la Brufaganya","isPartOf":{"@id":"https:\/\/brufaganya.cat\/2020\/#website"},"datePublished":"2018-05-30T14:12:32+00:00","dateModified":"2018-11-06T08:41:24+00:00","breadcrumb":{"@id":"https:\/\/brufaganya.cat\/2020\/avis-legal\/#breadcrumb"},"inLanguage":"ca","potentialAction":[{"@type":"ReadAction","target":["https:\/\/brufaganya.cat\/2020\/avis-legal\/"]}]},{"@type":"BreadcrumbList","@id":"https:\/\/brufaganya.cat\/2020\/avis-legal\/#breadcrumb","itemListElement":[{"@type":"ListItem","position":1,"name":"Inici","item":"https:\/\/brufaganya.cat\/2020\/"},{"@type":"ListItem","position":2,"name":"Avis legal"}]},{"@type":"WebSite","@id":"https:\/\/brufaganya.cat\/2020\/#website","url":"https:\/\/brufaganya.cat\/2020\/","name":"Sant Mag\u00ed de la Brufaganya","description":"Lloc web de Sant Mag\u00ed de la Brufaganya","publisher":{"@id":"https:\/\/brufaganya.cat\/2020\/#organization"},"potentialAction":[{"@type":"SearchAction","target":{"@type":"EntryPoint","urlTemplate":"https:\/\/brufaganya.cat\/2020\/?s={search_term_string}"},"query-input":{"@type":"PropertyValueSpecification","valueRequired":true,"valueName":"search_term_string"}}],"inLanguage":"ca"},{"@type":"Organization","@id":"https:\/\/brufaganya.cat\/2020\/#organization","name":"Sant Mag\u00ed de Brufaganya","url":"https:\/\/brufaganya.cat\/2020\/","logo":{"@type":"ImageObject","inLanguage":"ca","@id":"https:\/\/brufaganya.cat\/2020\/#\/schema\/logo\/image\/","url":"https:\/\/brufaganya.cat\/2020\/wp-content\/uploads\/2018\/11\/st_marti_bruga_horitz_posi_logo.jpg","contentUrl":"https:\/\/brufaganya.cat\/2020\/wp-content\/uploads\/2018\/11\/st_marti_bruga_horitz_posi_logo.jpg","width":1479,"height":804,"caption":"Sant Mag\u00ed de Brufaganya"},"image":{"@id":"https:\/\/brufaganya.cat\/2020\/#\/schema\/logo\/image\/"},"sameAs":["https:\/\/ca.wikipedia.org\/wiki\/Sant_Mag\u00ed_de_Brufaganya"]}]}},"_links":{"self":[{"href":"https:\/\/brufaganya.cat\/2020\/wp-json\/wp\/v2\/pages\/572","targetHints":{"allow":["GET"]}}],"collection":[{"href":"https:\/\/brufaganya.cat\/2020\/wp-json\/wp\/v2\/pages"}],"about":[{"href":"https:\/\/brufaganya.cat\/2020\/wp-json\/wp\/v2\/types\/page"}],"author":[{"embeddable":true,"href":"https:\/\/brufaganya.cat\/2020\/wp-json\/wp\/v2\/users\/1"}],"replies":[{"embeddable":true,"href":"https:\/\/brufaganya.cat\/2020\/wp-json\/wp\/v2\/comments?post=572"}],"version-history":[{"count":0,"href":"https:\/\/brufaganya.cat\/2020\/wp-json\/wp\/v2\/pages\/572\/revisions"}],"wp:attachment":[{"href":"https:\/\/brufaganya.cat\/2020\/wp-json\/wp\/v2\/media?parent=572"}],"curies":[{"name":"wp","href":"https:\/\/api.w.org\/{rel}","templated":true}]}}