{"id":2590,"date":"2018-11-05T17:09:11","date_gmt":"2018-11-05T15:09:11","guid":{"rendered":"http:\/\/tgd.info\/brufaganya001\/?page_id=2590"},"modified":"2022-09-08T08:42:47","modified_gmt":"2022-09-08T06:42:47","slug":"aplec","status":"publish","type":"page","link":"https:\/\/brufaganya.cat\/2020\/aplec\/","title":{"rendered":"Aplec"},"content":{"rendered":"<p>[vc_row][vc_column][vc_single_image image=&#8221;4136&#8243; img_size=&#8221;full&#8221; add_caption=&#8221;yes&#8221; alignment=&#8221;center&#8221; el_class=&#8221;hero-propi&#8221;][\/vc_column][\/vc_row][vc_row content_placement=&#8221;bottom&#8221; disable_element=&#8221;yes&#8221; css=&#8221;.vc_custom_1543407460785{margin-bottom: 0px !important;padding-bottom: 0px !important;}&#8221;][vc_column width=&#8221;1\/4&#8243;][\/vc_column][vc_column width=&#8221;1\/2&#8243;][\/vc_column][vc_column width=&#8221;1\/4&#8243;][\/vc_column][\/vc_row][vc_row][vc_column width=&#8221;1\/4&#8243;]\t<div\n\t\t\t\t\tclass=\"bs-shortcode bs-text \">\n\t\t\t\t<h3 class=\"section-heading sh-t1 sh-s5\">\n\t\t\t\t<span class=\"h-text\">CARTELLS DELS APLECS<\/span>\n\t\t\t\t<\/h3>\n\t\t\t\t<div class=\"bs-text-content\">\n\t\t\t\t\t<\/div>\n\t<\/div><!-- .bs-text -->\n<div class=\" bs-listing bs-listing-listing-text-3 bs-listing-single-tab\">\t\t<h3 class=\"section-heading sh-t1 sh-s5 main-term-801\">\n\n\t\t\n\t\t\t\t\t\t\t<a href=\"https:\/\/brufaganya.cat\/2020\/category\/aplec\/\" class=\"main-link\">\n\t\t\t\t\t\t\t<span class=\"h-text main-term-801\">\n\t\t\t\t\t\t\t\tAplec\t\t\t\t\t\t\t<\/span>\n\t\t\t\t<\/a>\n\t\t\t\n\t\t\n\t\t<\/h3>\n\t\t\t<div class=\"listing listing-text listing-text-3 clearfix columns-1\">\n\t\t<div class=\"post-3035 type-post format-standard has-post-thumbnail   listing-item listing-item-text listing-item-text-3 main-term-801\">\n\t<div class=\"item-inner\">\n\t\t<h3 class=\"title\">\t\t<a href=\"https:\/\/brufaganya.cat\/2020\/aplec-2017\/\" class=\"post-title post-url\">\n\t\t\tAplec 2017\t\t<\/a>\n\t\t<\/h3>\t<\/div>\n\t<\/div >\n\t<div class=\"post-3040 type-post format-standard has-post-thumbnail   listing-item listing-item-text listing-item-text-3 main-term-801\">\n\t<div class=\"item-inner\">\n\t\t<h3 class=\"title\">\t\t<a href=\"https:\/\/brufaganya.cat\/2020\/aplec-2016\/\" class=\"post-title post-url\">\n\t\t\tAplec 2016\t\t<\/a>\n\t\t<\/h3>\t<\/div>\n\t<\/div >\n\t<div class=\"post-3430 type-post format-standard has-post-thumbnail   listing-item listing-item-text listing-item-text-3 main-term-801\">\n\t<div class=\"item-inner\">\n\t\t<h3 class=\"title\">\t\t<a href=\"https:\/\/brufaganya.cat\/2020\/aplec-2018\/\" class=\"post-title post-url\">\n\t\t\tAplec 2018\t\t<\/a>\n\t\t<\/h3>\t<\/div>\n\t<\/div >\n\t<div class=\"post-3434 type-post format-standard has-post-thumbnail   listing-item listing-item-text listing-item-text-3 main-term-801\">\n\t<div class=\"item-inner\">\n\t\t<h3 class=\"title\">\t\t<a href=\"https:\/\/brufaganya.cat\/2020\/aplec-2015\/\" class=\"post-title post-url\">\n\t\t\tAplec 2015\t\t<\/a>\n\t\t<\/h3>\t<\/div>\n\t<\/div >\n\t<div class=\"post-3439 type-post format-standard has-post-thumbnail   listing-item listing-item-text listing-item-text-3 main-term-801\">\n\t<div class=\"item-inner\">\n\t\t<h3 class=\"title\">\t\t<a href=\"https:\/\/brufaganya.cat\/2020\/aplec-2014\/\" class=\"post-title post-url\">\n\t\t\tAplec 2014\t\t<\/a>\n\t\t<\/h3>\t<\/div>\n\t<\/div >\n\t<div class=\"post-3445 type-post format-standard has-post-thumbnail   listing-item listing-item-text listing-item-text-3 main-term-801\">\n\t<div class=\"item-inner\">\n\t\t<h3 class=\"title\">\t\t<a href=\"https:\/\/brufaganya.cat\/2020\/aplec-2013\/\" class=\"post-title post-url\">\n\t\t\tAplec 2013\t\t<\/a>\n\t\t<\/h3>\t<\/div>\n\t<\/div >\n\t<div class=\"post-3449 type-post format-standard has-post-thumbnail   listing-item listing-item-text listing-item-text-3 main-term-801\">\n\t<div class=\"item-inner\">\n\t\t<h3 class=\"title\">\t\t<a href=\"https:\/\/brufaganya.cat\/2020\/aplec-2012\/\" class=\"post-title post-url\">\n\t\t\tAplec 2012\t\t<\/a>\n\t\t<\/h3>\t<\/div>\n\t<\/div >\n\t<div class=\"post-3453 type-post format-standard has-post-thumbnail   listing-item listing-item-text listing-item-text-3 main-term-801\">\n\t<div class=\"item-inner\">\n\t\t<h3 class=\"title\">\t\t<a href=\"https:\/\/brufaganya.cat\/2020\/aplec-2011\/\" class=\"post-title post-url\">\n\t\t\tAplec 2011\t\t<\/a>\n\t\t<\/h3>\t<\/div>\n\t<\/div >\n\t<div class=\"post-3459 type-post format-standard has-post-thumbnail   listing-item listing-item-text listing-item-text-3 main-term-801\">\n\t<div class=\"item-inner\">\n\t\t<h3 class=\"title\">\t\t<a href=\"https:\/\/brufaganya.cat\/2020\/aplec-2010\/\" class=\"post-title post-url\">\n\t\t\tAplec 2010\t\t<\/a>\n\t\t<\/h3>\t<\/div>\n\t<\/div >\n\t<div class=\"post-3464 type-post format-standard has-post-thumbnail   listing-item listing-item-text listing-item-text-3 main-term-801\">\n\t<div class=\"item-inner\">\n\t\t<h3 class=\"title\">\t\t<a href=\"https:\/\/brufaganya.cat\/2020\/aplec-2009\/\" class=\"post-title post-url\">\n\t\t\tAplec 2009\t\t<\/a>\n\t\t<\/h3>\t<\/div>\n\t<\/div >\n\t<div class=\"post-3468 type-post format-standard has-post-thumbnail   listing-item listing-item-text listing-item-text-3 main-term-801\">\n\t<div class=\"item-inner\">\n\t\t<h3 class=\"title\">\t\t<a href=\"https:\/\/brufaganya.cat\/2020\/aplec-2008\/\" class=\"post-title post-url\">\n\t\t\tAplec 2008\t\t<\/a>\n\t\t<\/h3>\t<\/div>\n\t<\/div >\n\t<div class=\"post-3414 type-post format-standard has-post-thumbnail   listing-item listing-item-text listing-item-text-3 main-term-801\">\n\t<div class=\"item-inner\">\n\t\t<h3 class=\"title\">\t\t<a href=\"https:\/\/brufaganya.cat\/2020\/aplec-1956\/\" class=\"post-title post-url\">\n\t\t\tAplec 1952\t\t<\/a>\n\t\t<\/h3>\t<\/div>\n\t<\/div >\n\t<div class=\"post-4546 type-post format-standard has-post-thumbnail   listing-item listing-item-text listing-item-text-3 main-term-801\">\n\t<div class=\"item-inner\">\n\t\t<h3 class=\"title\">\t\t<a href=\"https:\/\/brufaganya.cat\/2020\/laplec-de-setembre-a-sant-magi\/\" class=\"post-title post-url\">\n\t\t\tAplec 2019\t\t<\/a>\n\t\t<\/h3>\t<\/div>\n\t<\/div >\n\t<div class=\"post-7045 type-post format-standard has-post-thumbnail   listing-item listing-item-text listing-item-text-3 main-term-801\">\n\t<div class=\"item-inner\">\n\t\t<h3 class=\"title\">\t\t<a href=\"https:\/\/brufaganya.cat\/2020\/aplec-2022\/\" class=\"post-title post-url\">\n\t\t\tAplec 2023\t\t<\/a>\n\t\t<\/h3>\t<\/div>\n\t<\/div >\n\t<div class=\"post-7908 type-post format-standard has-post-thumbnail   listing-item listing-item-text listing-item-text-3 main-term-801\">\n\t<div class=\"item-inner\">\n\t\t<h3 class=\"title\">\t\t<a href=\"https:\/\/brufaganya.cat\/2020\/aplec-2023\/\" class=\"post-title post-url\">\n\t\t\tAplec 2023\t\t<\/a>\n\t\t<\/h3>\t<\/div>\n\t<\/div >\n\t<div class=\"post-8602 type-post format-standard has-post-thumbnail   listing-item listing-item-text listing-item-text-3 main-term-801\">\n\t<div class=\"item-inner\">\n\t\t<h3 class=\"title\">\t\t<a href=\"https:\/\/brufaganya.cat\/2020\/la-devocio-la-cultura-popular-i-la-natura-a-traves-de-la-fotografia\/\" class=\"post-title post-url\">\n\t\t\tLa devoci\u00f3, la cultura popular i la natura a trav\u00e9s de la fotografia\t\t<\/a>\n\t\t<\/h3><h3 class=\"post-subtitle\">Sant Mag\u00ed i la Brufaganya en son un exemple clar<\/h3>\t<\/div>\n\t<\/div >\n\t<\/div>\n\t<\/div>[\/vc_column][vc_column width=&#8221;1\/2&#8243;]<div id=\"ultimate-heading-652469eb6a9625f58\" class=\"uvc-heading ult-adjust-bottom-margin ultimate-heading-652469eb6a9625f58 uvc-2844 \" data-hspacer=\"no_spacer\"  data-halign=\"left\" style=\"text-align:left\"><div class=\"uvc-heading-spacer no_spacer\" style=\"top\"><\/div><div class=\"uvc-main-heading ult-responsive\"  data-ultimate-target='.uvc-heading.ultimate-heading-652469eb6a9625f58 h2'  data-responsive-json-new='{\"font-size\":\"\",\"line-height\":\"\"}' ><h2 style=\"font-weight:normal;\">Aplec de Sant Mag\u00ed 2022<\/h2><\/div><\/div>[vc_empty_space height=&#8221;30px&#8221;][vc_column_text]<img loading=\"lazy\" decoding=\"async\" class=\"aligncenter wp-image-7041 size-full\" src=\"https:\/\/brufaganya.cat\/2020\/wp-content\/uploads\/2022\/09\/Sant-Magi-2022_1-definitiu-15x24-1.jpg\" alt=\"\" width=\"425\" height=\"661\" srcset=\"https:\/\/brufaganya.cat\/2020\/wp-content\/uploads\/2022\/09\/Sant-Magi-2022_1-definitiu-15x24-1.jpg 425w, https:\/\/brufaganya.cat\/2020\/wp-content\/uploads\/2022\/09\/Sant-Magi-2022_1-definitiu-15x24-1-193x300.jpg 193w\" sizes=\"auto, (max-width: 425px) 100vw, 425px\" \/><\/p>\n<p>Passats els efectes de la pand\u00e8mia, aquest any 2022 recuperem l\u2019aplec tal com el celebr\u00e0vem fins l\u2019any 2019: caminades, esmorzar popular, ofici al santuari, sardanes, ball pla, arrossada, i ball a la tarda.<\/p>\n<p>La novetat d\u2019aquest any \u00e9s que els tiquets per l\u2019arrossada es poden comprar per internet clicant <a href=\"https:\/\/entradas.codetickets.com\/entradas\/aplec-de-sant-magi-arrossada-popular\/32793\/associacio-musical-la-brufaganya\/online\">AQU\u00cd<\/a>, per la plataforma <a href=\"https:\/\/www.codetickets.com\/\">Codetickets<\/a> i tamb\u00e9 f\u00edsicament als forns Puj\u00f3 de Santa Coloma de Queralt i La Llacuna.<\/p>\n<p>Cal remarcar que <strong>el nombre de tiquets m\u00e0xim que es posen a la venda \u00e9s de 300<\/strong> i que en cap cas podrem passar d\u2019aquest n\u00famero. Per aix\u00f2 recomanem de comprar-los com m\u00e9s aviat millor per no tenir sorpreses.<\/p>\n<p>La Covid va impedir que celebr\u00e9ssim de la manera que vol\u00edem el 400 aniversari de l\u2019aplec que s\u2019esqueia precisament amb l\u2019any 2020. Tot i aix\u00ed ho vam commemorar dintre de les possibilitats que hi havia en aquell moment mantenint en tot moment les recomanacions que feien les autoritats sanit\u00e0ries. Per aquest motiu la majoria d\u2019activitats es van fer a l\u2019aire lliure i, si se\u2019n va fer alguna dintre del santuari es va fer amb l\u2019aforament limitat.<\/p>\n<p>Ara recuperem amb m\u00e9s ganes la normalitat organitzant el festival de m\u00fasica, l\u2019aplec i altres activitats que s\u2019aniran desgranant en els propers mesos.[\/vc_column_text][\/vc_column][vc_column width=&#8221;1\/4&#8243;]\t<div\n\t\t\t\t\tclass=\"bs-shortcode bs-text \">\n\t\t\t\t<h3 class=\"section-heading sh-t1 sh-s5\">\n\t\t\t\t<span class=\"h-text\">WEBS QUE EN PARLEN<\/span>\n\t\t\t\t<\/h3>\n\t\t\t\t<div class=\"bs-text-content\">\n\t\t\t\t\t<\/div>\n\t<\/div><!-- .bs-text -->\n<div id=\"aplec_webs\" class=\" bs-listing bs-listing-listing-text-3 bs-listing-single-tab\">\t\t<h3 class=\"section-heading sh-t1 sh-s5 main-term-805\">\n\n\t\t\n\t\t\t\t\t\t\t<a href=\"https:\/\/brufaganya.cat\/2020\/category\/webs-parlen\/\" class=\"main-link\">\n\t\t\t\t\t\t\t<span class=\"h-text main-term-805\">\n\t\t\t\t\t\t\t\tAplec - Webs que en parlen\t\t\t\t\t\t\t<\/span>\n\t\t\t\t<\/a>\n\t\t\t\n\t\t\n\t\t<\/h3>\n\t\t\t<div class=\"listing listing-text listing-text-3 clearfix columns-1\">\n\t\t<div class=\"post-3309 type-post format-standard has-post-thumbnail   listing-item listing-item-text listing-item-text-3 main-term-805\">\n\t<div class=\"item-inner\">\n\t\t<h3 class=\"title\">\t\t<a href=\"https:\/\/brufaganya.cat\/2020\/festes-org-aplec-de-sant-magi-carrera-i-escude-manel-23-11-2018-en-linia-recuperat-de-http-www-festes-org-articles-phpid548\/\" class=\"post-title post-url\">\n\t\t\tFestes.org. Aplec de Sant Mag\u00ed, Carrera i Escud\u00e9, Manel, 23-11-2018. [en l\u00ednia]\t\t<\/a>\n\t\t<\/h3>\t<\/div>\n\t<\/div >\n\t<div class=\"post-3312 type-post format-standard has-post-thumbnail   listing-item listing-item-text listing-item-text-3 main-term-805\">\n\t<div class=\"item-inner\">\n\t\t<h3 class=\"title\">\t\t<a href=\"https:\/\/brufaganya.cat\/2020\/la-llacuna-online-cat-aplec-de-sant-magi-de-la-brufaganya-2018-la-llacuna-en-linia\/\" class=\"post-title post-url\">\n\t\t\tLa Llacuna Online.cat. Aplec de Sant Mag\u00ed de la Brufaganya 2018, La Llacuna. [en l\u00ednia]\t\t<\/a>\n\t\t<\/h3>\t<\/div>\n\t<\/div >\n\t<div class=\"post-3314 type-post format-standard has-post-thumbnail   listing-item listing-item-text listing-item-text-3 main-term-805\">\n\t<div class=\"item-inner\">\n\t\t<h3 class=\"title\">\t\t<a href=\"https:\/\/brufaganya.cat\/2020\/tribus-de-la-segarra-aplec-de-sant-magi-rumbau-montse-en-linia\/\" class=\"post-title post-url\">\n\t\t\tTribus de la Segarra. Aplec de Sant Mag\u00ed, Rumbau, Montse. [en l\u00ednia]\t\t<\/a>\n\t\t<\/h3>\t<\/div>\n\t<\/div >\n\t<\/div>\n\t<\/div>[\/vc_column][\/vc_row]<\/p>\n","protected":false},"excerpt":{"rendered":"<p>[vc_row][vc_column][vc_single_image image=&#8221;4136&#8243; img_size=&#8221;full&#8221; add_caption=&#8221;yes&#8221; alignment=&#8221;center&#8221; el_class=&#8221;hero-propi&#8221;][\/vc_column][\/vc_row][vc_row content_placement=&#8221;bottom&#8221; disable_element=&#8221;yes&#8221; css=&#8221;.vc_custom_1543407460785{margin-bottom: 0px !important;padding-bottom: 0px !important;}&#8221;][vc_column width=&#8221;1\/4&#8243;][\/vc_column][vc_column width=&#8221;1\/2&#8243;][\/vc_column][vc_column width=&#8221;1\/4&#8243;][\/vc_column][\/vc_row][vc_row][vc_column width=&#8221;1\/4&#8243;][\/vc_column][vc_column width=&#8221;1\/2&#8243;][vc_empty_space height=&#8221;30px&#8221;][vc_column_text] Passats els efectes de la pand\u00e8mia, aquest any 2022 recuperem l\u2019aplec [&hellip;]<\/p>\n","protected":false},"author":1,"featured_media":0,"parent":0,"menu_order":0,"comment_status":"open","ping_status":"closed","template":"","meta":{"inline_featured_image":false,"footnotes":""},"class_list":["post-2590","page","type-page","status-publish","hentry"],"yoast_head":"<!-- This site is optimized with the Yoast SEO plugin v27.4 - https:\/\/yoast.com\/product\/yoast-seo-wordpress\/ -->\n<title>Aplec &#187; Sant Mag\u00ed de la Brufaganya<\/title>\n<meta name=\"robots\" content=\"index, follow, max-snippet:-1, max-image-preview:large, max-video-preview:-1\" \/>\n<link rel=\"canonical\" href=\"https:\/\/brufaganya.cat\/2020\/aplec\/\" \/>\n<meta property=\"og:locale\" content=\"ca_ES\" \/>\n<meta property=\"og:type\" content=\"article\" \/>\n<meta property=\"og:title\" content=\"Aplec &#187; Sant Mag\u00ed de la Brufaganya\" \/>\n<meta property=\"og:description\" content=\"[vc_row][vc_column][vc_single_image image=&#8221;4136&#8243; img_size=&#8221;full&#8221; add_caption=&#8221;yes&#8221; alignment=&#8221;center&#8221; el_class=&#8221;hero-propi&#8221;][\/vc_column][\/vc_row][vc_row content_placement=&#8221;bottom&#8221; disable_element=&#8221;yes&#8221; css=&#8221;.vc_custom_1543407460785{margin-bottom: 0px !important;padding-bottom: 0px !important;}&#8221;][vc_column width=&#8221;1\/4&#8243;][\/vc_column][vc_column width=&#8221;1\/2&#8243;][\/vc_column][vc_column width=&#8221;1\/4&#8243;][\/vc_column][\/vc_row][vc_row][vc_column width=&#8221;1\/4&#8243;][\/vc_column][vc_column width=&#8221;1\/2&#8243;][vc_empty_space height=&#8221;30px&#8221;][vc_column_text] Passats els efectes de la pand\u00e8mia, aquest any 2022 recuperem l\u2019aplec [&hellip;]\" \/>\n<meta property=\"og:url\" content=\"https:\/\/brufaganya.cat\/2020\/aplec\/\" \/>\n<meta property=\"og:site_name\" content=\"Sant Mag\u00ed de la Brufaganya\" \/>\n<meta property=\"article:modified_time\" content=\"2022-09-08T06:42:47+00:00\" \/>\n<meta property=\"og:image\" content=\"https:\/\/brufaganya.cat\/2020\/wp-content\/uploads\/2022\/09\/Sant-Magi-2022_1-definitiu-15x24-1.jpg\" \/>\n<meta name=\"twitter:card\" content=\"summary_large_image\" \/>\n<meta name=\"twitter:label1\" content=\"Temps estimat de lectura\" \/>\n\t<meta name=\"twitter:data1\" content=\"3 minuts\" \/>\n<script type=\"application\/ld+json\" class=\"yoast-schema-graph\">{\"@context\":\"https:\\\/\\\/schema.org\",\"@graph\":[{\"@type\":\"WebPage\",\"@id\":\"https:\\\/\\\/brufaganya.cat\\\/2020\\\/aplec\\\/\",\"url\":\"https:\\\/\\\/brufaganya.cat\\\/2020\\\/aplec\\\/\",\"name\":\"Aplec &#187; Sant Mag\u00ed de la Brufaganya\",\"isPartOf\":{\"@id\":\"https:\\\/\\\/brufaganya.cat\\\/2020\\\/#website\"},\"primaryImageOfPage\":{\"@id\":\"https:\\\/\\\/brufaganya.cat\\\/2020\\\/aplec\\\/#primaryimage\"},\"image\":{\"@id\":\"https:\\\/\\\/brufaganya.cat\\\/2020\\\/aplec\\\/#primaryimage\"},\"thumbnailUrl\":\"https:\\\/\\\/brufaganya.cat\\\/2020\\\/wp-content\\\/uploads\\\/2022\\\/09\\\/Sant-Magi-2022_1-definitiu-15x24-1.jpg\",\"datePublished\":\"2018-11-05T15:09:11+00:00\",\"dateModified\":\"2022-09-08T06:42:47+00:00\",\"breadcrumb\":{\"@id\":\"https:\\\/\\\/brufaganya.cat\\\/2020\\\/aplec\\\/#breadcrumb\"},\"inLanguage\":\"ca\",\"potentialAction\":[{\"@type\":\"ReadAction\",\"target\":[\"https:\\\/\\\/brufaganya.cat\\\/2020\\\/aplec\\\/\"]}]},{\"@type\":\"ImageObject\",\"inLanguage\":\"ca\",\"@id\":\"https:\\\/\\\/brufaganya.cat\\\/2020\\\/aplec\\\/#primaryimage\",\"url\":\"https:\\\/\\\/brufaganya.cat\\\/2020\\\/wp-content\\\/uploads\\\/2022\\\/09\\\/Sant-Magi-2022_1-definitiu-15x24-1.jpg\",\"contentUrl\":\"https:\\\/\\\/brufaganya.cat\\\/2020\\\/wp-content\\\/uploads\\\/2022\\\/09\\\/Sant-Magi-2022_1-definitiu-15x24-1.jpg\",\"width\":425,\"height\":661},{\"@type\":\"BreadcrumbList\",\"@id\":\"https:\\\/\\\/brufaganya.cat\\\/2020\\\/aplec\\\/#breadcrumb\",\"itemListElement\":[{\"@type\":\"ListItem\",\"position\":1,\"name\":\"Inici\",\"item\":\"https:\\\/\\\/brufaganya.cat\\\/2020\\\/\"},{\"@type\":\"ListItem\",\"position\":2,\"name\":\"Aplec\"}]},{\"@type\":\"WebSite\",\"@id\":\"https:\\\/\\\/brufaganya.cat\\\/2020\\\/#website\",\"url\":\"https:\\\/\\\/brufaganya.cat\\\/2020\\\/\",\"name\":\"Sant Mag\u00ed de la Brufaganya\",\"description\":\"Lloc web de Sant Mag\u00ed de la Brufaganya\",\"publisher\":{\"@id\":\"https:\\\/\\\/brufaganya.cat\\\/2020\\\/#organization\"},\"potentialAction\":[{\"@type\":\"SearchAction\",\"target\":{\"@type\":\"EntryPoint\",\"urlTemplate\":\"https:\\\/\\\/brufaganya.cat\\\/2020\\\/?s={search_term_string}\"},\"query-input\":{\"@type\":\"PropertyValueSpecification\",\"valueRequired\":true,\"valueName\":\"search_term_string\"}}],\"inLanguage\":\"ca\"},{\"@type\":\"Organization\",\"@id\":\"https:\\\/\\\/brufaganya.cat\\\/2020\\\/#organization\",\"name\":\"Sant Mag\u00ed de Brufaganya\",\"url\":\"https:\\\/\\\/brufaganya.cat\\\/2020\\\/\",\"logo\":{\"@type\":\"ImageObject\",\"inLanguage\":\"ca\",\"@id\":\"https:\\\/\\\/brufaganya.cat\\\/2020\\\/#\\\/schema\\\/logo\\\/image\\\/\",\"url\":\"https:\\\/\\\/brufaganya.cat\\\/2020\\\/wp-content\\\/uploads\\\/2018\\\/11\\\/st_marti_bruga_horitz_posi_logo.jpg\",\"contentUrl\":\"https:\\\/\\\/brufaganya.cat\\\/2020\\\/wp-content\\\/uploads\\\/2018\\\/11\\\/st_marti_bruga_horitz_posi_logo.jpg\",\"width\":1479,\"height\":804,\"caption\":\"Sant Mag\u00ed de Brufaganya\"},\"image\":{\"@id\":\"https:\\\/\\\/brufaganya.cat\\\/2020\\\/#\\\/schema\\\/logo\\\/image\\\/\"},\"sameAs\":[\"https:\\\/\\\/ca.wikipedia.org\\\/wiki\\\/Sant_Mag\u00ed_de_Brufaganya\"]}]}<\/script>\n<!-- \/ Yoast SEO plugin. -->","yoast_head_json":{"title":"Aplec &#187; Sant Mag\u00ed de la Brufaganya","robots":{"index":"index","follow":"follow","max-snippet":"max-snippet:-1","max-image-preview":"max-image-preview:large","max-video-preview":"max-video-preview:-1"},"canonical":"https:\/\/brufaganya.cat\/2020\/aplec\/","og_locale":"ca_ES","og_type":"article","og_title":"Aplec &#187; Sant Mag\u00ed de la Brufaganya","og_description":"[vc_row][vc_column][vc_single_image image=&#8221;4136&#8243; img_size=&#8221;full&#8221; add_caption=&#8221;yes&#8221; alignment=&#8221;center&#8221; el_class=&#8221;hero-propi&#8221;][\/vc_column][\/vc_row][vc_row content_placement=&#8221;bottom&#8221; disable_element=&#8221;yes&#8221; css=&#8221;.vc_custom_1543407460785{margin-bottom: 0px !important;padding-bottom: 0px !important;}&#8221;][vc_column width=&#8221;1\/4&#8243;][\/vc_column][vc_column width=&#8221;1\/2&#8243;][\/vc_column][vc_column width=&#8221;1\/4&#8243;][\/vc_column][\/vc_row][vc_row][vc_column width=&#8221;1\/4&#8243;][\/vc_column][vc_column width=&#8221;1\/2&#8243;][vc_empty_space height=&#8221;30px&#8221;][vc_column_text] Passats els efectes de la pand\u00e8mia, aquest any 2022 recuperem l\u2019aplec [&hellip;]","og_url":"https:\/\/brufaganya.cat\/2020\/aplec\/","og_site_name":"Sant Mag\u00ed de la Brufaganya","article_modified_time":"2022-09-08T06:42:47+00:00","og_image":[{"url":"https:\/\/brufaganya.cat\/2020\/wp-content\/uploads\/2022\/09\/Sant-Magi-2022_1-definitiu-15x24-1.jpg","type":"","width":"","height":""}],"twitter_card":"summary_large_image","twitter_misc":{"Temps estimat de lectura":"3 minuts"},"schema":{"@context":"https:\/\/schema.org","@graph":[{"@type":"WebPage","@id":"https:\/\/brufaganya.cat\/2020\/aplec\/","url":"https:\/\/brufaganya.cat\/2020\/aplec\/","name":"Aplec &#187; Sant Mag\u00ed de la Brufaganya","isPartOf":{"@id":"https:\/\/brufaganya.cat\/2020\/#website"},"primaryImageOfPage":{"@id":"https:\/\/brufaganya.cat\/2020\/aplec\/#primaryimage"},"image":{"@id":"https:\/\/brufaganya.cat\/2020\/aplec\/#primaryimage"},"thumbnailUrl":"https:\/\/brufaganya.cat\/2020\/wp-content\/uploads\/2022\/09\/Sant-Magi-2022_1-definitiu-15x24-1.jpg","datePublished":"2018-11-05T15:09:11+00:00","dateModified":"2022-09-08T06:42:47+00:00","breadcrumb":{"@id":"https:\/\/brufaganya.cat\/2020\/aplec\/#breadcrumb"},"inLanguage":"ca","potentialAction":[{"@type":"ReadAction","target":["https:\/\/brufaganya.cat\/2020\/aplec\/"]}]},{"@type":"ImageObject","inLanguage":"ca","@id":"https:\/\/brufaganya.cat\/2020\/aplec\/#primaryimage","url":"https:\/\/brufaganya.cat\/2020\/wp-content\/uploads\/2022\/09\/Sant-Magi-2022_1-definitiu-15x24-1.jpg","contentUrl":"https:\/\/brufaganya.cat\/2020\/wp-content\/uploads\/2022\/09\/Sant-Magi-2022_1-definitiu-15x24-1.jpg","width":425,"height":661},{"@type":"BreadcrumbList","@id":"https:\/\/brufaganya.cat\/2020\/aplec\/#breadcrumb","itemListElement":[{"@type":"ListItem","position":1,"name":"Inici","item":"https:\/\/brufaganya.cat\/2020\/"},{"@type":"ListItem","position":2,"name":"Aplec"}]},{"@type":"WebSite","@id":"https:\/\/brufaganya.cat\/2020\/#website","url":"https:\/\/brufaganya.cat\/2020\/","name":"Sant Mag\u00ed de la Brufaganya","description":"Lloc web de Sant Mag\u00ed de la Brufaganya","publisher":{"@id":"https:\/\/brufaganya.cat\/2020\/#organization"},"potentialAction":[{"@type":"SearchAction","target":{"@type":"EntryPoint","urlTemplate":"https:\/\/brufaganya.cat\/2020\/?s={search_term_string}"},"query-input":{"@type":"PropertyValueSpecification","valueRequired":true,"valueName":"search_term_string"}}],"inLanguage":"ca"},{"@type":"Organization","@id":"https:\/\/brufaganya.cat\/2020\/#organization","name":"Sant Mag\u00ed de Brufaganya","url":"https:\/\/brufaganya.cat\/2020\/","logo":{"@type":"ImageObject","inLanguage":"ca","@id":"https:\/\/brufaganya.cat\/2020\/#\/schema\/logo\/image\/","url":"https:\/\/brufaganya.cat\/2020\/wp-content\/uploads\/2018\/11\/st_marti_bruga_horitz_posi_logo.jpg","contentUrl":"https:\/\/brufaganya.cat\/2020\/wp-content\/uploads\/2018\/11\/st_marti_bruga_horitz_posi_logo.jpg","width":1479,"height":804,"caption":"Sant Mag\u00ed de Brufaganya"},"image":{"@id":"https:\/\/brufaganya.cat\/2020\/#\/schema\/logo\/image\/"},"sameAs":["https:\/\/ca.wikipedia.org\/wiki\/Sant_Mag\u00ed_de_Brufaganya"]}]}},"_links":{"self":[{"href":"https:\/\/brufaganya.cat\/2020\/wp-json\/wp\/v2\/pages\/2590","targetHints":{"allow":["GET"]}}],"collection":[{"href":"https:\/\/brufaganya.cat\/2020\/wp-json\/wp\/v2\/pages"}],"about":[{"href":"https:\/\/brufaganya.cat\/2020\/wp-json\/wp\/v2\/types\/page"}],"author":[{"embeddable":true,"href":"https:\/\/brufaganya.cat\/2020\/wp-json\/wp\/v2\/users\/1"}],"replies":[{"embeddable":true,"href":"https:\/\/brufaganya.cat\/2020\/wp-json\/wp\/v2\/comments?post=2590"}],"version-history":[{"count":0,"href":"https:\/\/brufaganya.cat\/2020\/wp-json\/wp\/v2\/pages\/2590\/revisions"}],"wp:attachment":[{"href":"https:\/\/brufaganya.cat\/2020\/wp-json\/wp\/v2\/media?parent=2590"}],"curies":[{"name":"wp","href":"https:\/\/api.w.org\/{rel}","templated":true}]}}